{"id":12,"date":"2016-11-24T15:46:42","date_gmt":"2016-11-24T14:46:42","guid":{"rendered":"http:\/\/www.wohnmobil-meschede.de\/?page_id=12"},"modified":"2024-11-11T12:01:41","modified_gmt":"2024-11-11T11:01:41","slug":"willkommen-bei-wohnmobil-meschede-de","status":"publish","type":"page","link":"https:\/\/www.wohnmobil-meschede.de\/","title":{"rendered":"Willkommen bei Wohnmobil &#8211; Meschede .de"},"content":{"rendered":"<p><strong><img loading=\"lazy\" decoding=\"async\" class=\"alignright wp-image-353 size-medium\" src=\"http:\/\/www.pl-wohnmobilvermietung.de\/wp-content\/uploads\/2016\/12\/I68-Au\u00dfenansicht-400x254.jpg\" alt=\"\" width=\"400\" height=\"254\" \/><\/strong><\/p>\n<p><span style=\"color: #800000;\"><strong>Gaspr\u00fcfungen nach G607 k\u00f6nnen ab sofort auch an Ihrem eigenen Wohnmobil bei Ihnen vor Ort durchgef\u00fchrt werden.<\/strong><\/span><\/p>\n<p>&nbsp;<\/p>\n<p><strong>Buchen Sie bei uns <\/strong><br \/>\n<strong>Ihre grenzenlose Freiheit!<\/strong><\/p>\n<p>Sie m\u00f6chten im n\u00e4chsten Urlaub mal wieder richtig was erleben, die Urlaubsregion bei flexibler Zeiteinteilung individuell entdecken und sich trotzdem ohne Zw\u00e4nge entspannen?<\/p>\n<p>Dann ist die Anmietung eines unserer neuwertigen Wohnmobile genau das Richtige f\u00fcr Sie. Sie bieten den Komfort einer hochmodernen, familienfreundlichen und praktisch ausgestatteten Ferienwohnung, so dass Sie f\u00fcr Ihr Freizeitvergn\u00fcgen auf nichts verzichten m\u00fcssen und Ihre Urlaubsfreuden unbeschwert genie\u00dfen k\u00f6nnen.<\/p>\n<p>F\u00fcr unsere j\u00fcngeren und junggebliebenen Kunden und f\u00fcr solche, die besonders flexibel und dynamisch unterwegs sein m\u00f6chten, bieten wir auch wieder P\u00f6ssl Reisemobile an.<\/p>\n<p>Lassen Sie sich auf unseren Internetseiten von den preiswerten Angeboten f\u00fcr einen leistungsstarken Service \u00fcberzeugen.<\/p>\n<p><strong>Ihre PL Wohnmobilvermietung<\/strong><\/p>\n<p>f\u00fcr Warstein<\/p>\n","protected":false},"excerpt":{"rendered":"<p>Gaspr\u00fcfungen nach G607 k\u00f6nnen ab sofort auch an Ihrem eigenen Wohnmobil bei Ihnen vor Ort durchgef\u00fchrt werden. &nbsp; Buchen Sie bei uns Ihre grenzenlose Freiheit! Sie m\u00f6chten im n\u00e4chsten Urlaub <a class=\"more-link\" href=\"https:\/\/www.wohnmobil-meschede.de\/\"><\/a><\/p>\n","protected":false},"author":1,"featured_media":67,"parent":0,"menu_order":0,"comment_status":"closed","ping_status":"closed","template":"","meta":{"footnotes":""},"class_list":["post-12","page","type-page","status-publish","has-post-thumbnail","hentry"],"yoast_head":"<!-- This site is optimized with the Yoast SEO plugin v23.8 - https:\/\/yoast.com\/wordpress\/plugins\/seo\/ -->\n<title>Wohnmobile Meschede | PL Wohnmobile | Vermietung<\/title>\n<meta name=\"description\" content=\"Wohnmobile Meschede | PL Wohnmobile | Vermietung\" \/>\n<meta name=\"robots\" content=\"index, follow, max-snippet:-1, max-image-preview:large, max-video-preview:-1\" \/>\n<link rel=\"canonical\" href=\"https:\/\/www.wohnmobil-meschede.de\/\" \/>\n<meta property=\"og:locale\" content=\"de_DE\" \/>\n<meta property=\"og:type\" content=\"article\" \/>\n<meta property=\"og:title\" content=\"Wohnmobile Meschede | PL Wohnmobile | Vermietung\" \/>\n<meta property=\"og:description\" content=\"Wohnmobile Meschede | PL Wohnmobile | Vermietung\" \/>\n<meta property=\"og:url\" content=\"https:\/\/www.wohnmobil-meschede.de\/\" \/>\n<meta property=\"og:site_name\" content=\"PL Wohnmobile Meschede | Vermietung\" \/>\n<meta property=\"article:modified_time\" content=\"2024-11-11T11:01:41+00:00\" \/>\n<meta property=\"og:image\" content=\"https:\/\/www.wohnmobil-meschede.de\/wp-content\/uploads\/2016\/11\/strand_004.png\" \/>\n\t<meta property=\"og:image:width\" content=\"1680\" \/>\n\t<meta property=\"og:image:height\" content=\"371\" \/>\n\t<meta property=\"og:image:type\" content=\"image\/png\" \/>\n<meta name=\"twitter:card\" content=\"summary_large_image\" \/>\n<meta name=\"twitter:label1\" content=\"Gesch\u00e4tzte Lesezeit\" \/>\n\t<meta name=\"twitter:data1\" content=\"2\u00a0Minuten\" \/>\n<script type=\"application\/ld+json\" class=\"yoast-schema-graph\">{\"@context\":\"https:\/\/schema.org\",\"@graph\":[{\"@type\":\"WebPage\",\"@id\":\"https:\/\/www.wohnmobil-meschede.de\/\",\"url\":\"https:\/\/www.wohnmobil-meschede.de\/\",\"name\":\"Wohnmobile Meschede | PL Wohnmobile | Vermietung\",\"isPartOf\":{\"@id\":\"https:\/\/www.wohnmobil-meschede.de\/#website\"},\"primaryImageOfPage\":{\"@id\":\"https:\/\/www.wohnmobil-meschede.de\/#primaryimage\"},\"image\":{\"@id\":\"https:\/\/www.wohnmobil-meschede.de\/#primaryimage\"},\"thumbnailUrl\":\"https:\/\/www.wohnmobil-meschede.de\/wp-content\/uploads\/2016\/11\/strand_004.png\",\"datePublished\":\"2016-11-24T14:46:42+00:00\",\"dateModified\":\"2024-11-11T11:01:41+00:00\",\"description\":\"Wohnmobile Meschede | PL Wohnmobile | Vermietung\",\"breadcrumb\":{\"@id\":\"https:\/\/www.wohnmobil-meschede.de\/#breadcrumb\"},\"inLanguage\":\"de\",\"potentialAction\":[{\"@type\":\"ReadAction\",\"target\":[\"https:\/\/www.wohnmobil-meschede.de\/\"]}]},{\"@type\":\"ImageObject\",\"inLanguage\":\"de\",\"@id\":\"https:\/\/www.wohnmobil-meschede.de\/#primaryimage\",\"url\":\"https:\/\/www.wohnmobil-meschede.de\/wp-content\/uploads\/2016\/11\/strand_004.png\",\"contentUrl\":\"https:\/\/www.wohnmobil-meschede.de\/wp-content\/uploads\/2016\/11\/strand_004.png\",\"width\":1680,\"height\":371},{\"@type\":\"BreadcrumbList\",\"@id\":\"https:\/\/www.wohnmobil-meschede.de\/#breadcrumb\",\"itemListElement\":[{\"@type\":\"ListItem\",\"position\":1,\"name\":\"Startseite\",\"item\":\"https:\/\/www.wohnmobil-meschede.de\/\"},{\"@type\":\"ListItem\",\"position\":2,\"name\":\"Willkommen bei Wohnmobil &#8211; Meschede .de\"}]},{\"@type\":\"WebSite\",\"@id\":\"https:\/\/www.wohnmobil-meschede.de\/#website\",\"url\":\"https:\/\/www.wohnmobil-meschede.de\/\",\"name\":\"PL Wohnmobile Meschede | Vermietung\",\"description\":\"Vermietung von Wohnmobilen Meschede\",\"publisher\":{\"@id\":\"https:\/\/www.wohnmobil-meschede.de\/#organization\"},\"potentialAction\":[{\"@type\":\"SearchAction\",\"target\":{\"@type\":\"EntryPoint\",\"urlTemplate\":\"https:\/\/www.wohnmobil-meschede.de\/?s={search_term_string}\"},\"query-input\":{\"@type\":\"PropertyValueSpecification\",\"valueRequired\":true,\"valueName\":\"search_term_string\"}}],\"inLanguage\":\"de\"},{\"@type\":\"Organization\",\"@id\":\"https:\/\/www.wohnmobil-meschede.de\/#organization\",\"name\":\"PL Wohnmobile Meschede | Vermietung\",\"url\":\"https:\/\/www.wohnmobil-meschede.de\/\",\"logo\":{\"@type\":\"ImageObject\",\"inLanguage\":\"de\",\"@id\":\"https:\/\/www.wohnmobil-meschede.de\/#\/schema\/logo\/image\/\",\"url\":\"https:\/\/www.wohnmobil-meschede.de\/wp-content\/uploads\/2016\/11\/cropped-pl-wohnmobile-logo.jpg\",\"contentUrl\":\"https:\/\/www.wohnmobil-meschede.de\/wp-content\/uploads\/2016\/11\/cropped-pl-wohnmobile-logo.jpg\",\"width\":318,\"height\":184,\"caption\":\"PL Wohnmobile Meschede | Vermietung\"},\"image\":{\"@id\":\"https:\/\/www.wohnmobil-meschede.de\/#\/schema\/logo\/image\/\"}}]}<\/script>\n<!-- \/ Yoast SEO plugin. -->","yoast_head_json":{"title":"Wohnmobile Meschede | PL Wohnmobile | Vermietung","description":"Wohnmobile Meschede | PL Wohnmobile | Vermietung","robots":{"index":"index","follow":"follow","max-snippet":"max-snippet:-1","max-image-preview":"max-image-preview:large","max-video-preview":"max-video-preview:-1"},"canonical":"https:\/\/www.wohnmobil-meschede.de\/","og_locale":"de_DE","og_type":"article","og_title":"Wohnmobile Meschede | PL Wohnmobile | Vermietung","og_description":"Wohnmobile Meschede | PL Wohnmobile | Vermietung","og_url":"https:\/\/www.wohnmobil-meschede.de\/","og_site_name":"PL Wohnmobile Meschede | Vermietung","article_modified_time":"2024-11-11T11:01:41+00:00","og_image":[{"width":1680,"height":371,"url":"https:\/\/www.wohnmobil-meschede.de\/wp-content\/uploads\/2016\/11\/strand_004.png","type":"image\/png"}],"twitter_card":"summary_large_image","twitter_misc":{"Gesch\u00e4tzte Lesezeit":"2\u00a0Minuten"},"schema":{"@context":"https:\/\/schema.org","@graph":[{"@type":"WebPage","@id":"https:\/\/www.wohnmobil-meschede.de\/","url":"https:\/\/www.wohnmobil-meschede.de\/","name":"Wohnmobile Meschede | PL Wohnmobile | Vermietung","isPartOf":{"@id":"https:\/\/www.wohnmobil-meschede.de\/#website"},"primaryImageOfPage":{"@id":"https:\/\/www.wohnmobil-meschede.de\/#primaryimage"},"image":{"@id":"https:\/\/www.wohnmobil-meschede.de\/#primaryimage"},"thumbnailUrl":"https:\/\/www.wohnmobil-meschede.de\/wp-content\/uploads\/2016\/11\/strand_004.png","datePublished":"2016-11-24T14:46:42+00:00","dateModified":"2024-11-11T11:01:41+00:00","description":"Wohnmobile Meschede | PL Wohnmobile | Vermietung","breadcrumb":{"@id":"https:\/\/www.wohnmobil-meschede.de\/#breadcrumb"},"inLanguage":"de","potentialAction":[{"@type":"ReadAction","target":["https:\/\/www.wohnmobil-meschede.de\/"]}]},{"@type":"ImageObject","inLanguage":"de","@id":"https:\/\/www.wohnmobil-meschede.de\/#primaryimage","url":"https:\/\/www.wohnmobil-meschede.de\/wp-content\/uploads\/2016\/11\/strand_004.png","contentUrl":"https:\/\/www.wohnmobil-meschede.de\/wp-content\/uploads\/2016\/11\/strand_004.png","width":1680,"height":371},{"@type":"BreadcrumbList","@id":"https:\/\/www.wohnmobil-meschede.de\/#breadcrumb","itemListElement":[{"@type":"ListItem","position":1,"name":"Startseite","item":"https:\/\/www.wohnmobil-meschede.de\/"},{"@type":"ListItem","position":2,"name":"Willkommen bei Wohnmobil &#8211; Meschede .de"}]},{"@type":"WebSite","@id":"https:\/\/www.wohnmobil-meschede.de\/#website","url":"https:\/\/www.wohnmobil-meschede.de\/","name":"PL Wohnmobile Meschede | Vermietung","description":"Vermietung von Wohnmobilen Meschede","publisher":{"@id":"https:\/\/www.wohnmobil-meschede.de\/#organization"},"potentialAction":[{"@type":"SearchAction","target":{"@type":"EntryPoint","urlTemplate":"https:\/\/www.wohnmobil-meschede.de\/?s={search_term_string}"},"query-input":{"@type":"PropertyValueSpecification","valueRequired":true,"valueName":"search_term_string"}}],"inLanguage":"de"},{"@type":"Organization","@id":"https:\/\/www.wohnmobil-meschede.de\/#organization","name":"PL Wohnmobile Meschede | Vermietung","url":"https:\/\/www.wohnmobil-meschede.de\/","logo":{"@type":"ImageObject","inLanguage":"de","@id":"https:\/\/www.wohnmobil-meschede.de\/#\/schema\/logo\/image\/","url":"https:\/\/www.wohnmobil-meschede.de\/wp-content\/uploads\/2016\/11\/cropped-pl-wohnmobile-logo.jpg","contentUrl":"https:\/\/www.wohnmobil-meschede.de\/wp-content\/uploads\/2016\/11\/cropped-pl-wohnmobile-logo.jpg","width":318,"height":184,"caption":"PL Wohnmobile Meschede | Vermietung"},"image":{"@id":"https:\/\/www.wohnmobil-meschede.de\/#\/schema\/logo\/image\/"}}]}},"_links":{"self":[{"href":"https:\/\/www.wohnmobil-meschede.de\/index.php\/wp-json\/wp\/v2\/pages\/12"}],"collection":[{"href":"https:\/\/www.wohnmobil-meschede.de\/index.php\/wp-json\/wp\/v2\/pages"}],"about":[{"href":"https:\/\/www.wohnmobil-meschede.de\/index.php\/wp-json\/wp\/v2\/types\/page"}],"author":[{"embeddable":true,"href":"https:\/\/www.wohnmobil-meschede.de\/index.php\/wp-json\/wp\/v2\/users\/1"}],"replies":[{"embeddable":true,"href":"https:\/\/www.wohnmobil-meschede.de\/index.php\/wp-json\/wp\/v2\/comments?post=12"}],"version-history":[{"count":21,"href":"https:\/\/www.wohnmobil-meschede.de\/index.php\/wp-json\/wp\/v2\/pages\/12\/revisions"}],"predecessor-version":[{"id":410,"href":"https:\/\/www.wohnmobil-meschede.de\/index.php\/wp-json\/wp\/v2\/pages\/12\/revisions\/410"}],"wp:featuredmedia":[{"embeddable":true,"href":"https:\/\/www.wohnmobil-meschede.de\/index.php\/wp-json\/wp\/v2\/media\/67"}],"wp:attachment":[{"href":"https:\/\/www.wohnmobil-meschede.de\/index.php\/wp-json\/wp\/v2\/media?parent=12"}],"curies":[{"name":"wp","href":"https:\/\/api.w.org\/{rel}","templated":true}]}}