{"id":24,"date":"2016-11-24T16:08:06","date_gmt":"2016-11-24T15:08:06","guid":{"rendered":"http:\/\/www.wohnmobil-meschede.de\/?page_id=24"},"modified":"2016-12-16T19:56:50","modified_gmt":"2016-12-16T18:56:50","slug":"kontakt","status":"publish","type":"page","link":"https:\/\/www.wohnmobil-meschede.de\/index.php\/kontakt\/","title":{"rendered":"Kontakt"},"content":{"rendered":"<p>PL Wohnmobilvermietung (Meschede )<br \/>\nInh.: Patrik Luse<\/p>\n<p>Gesch\u00e4ftssitz:<br \/>\nBurgstra\u00dfe 4 (OT Hirschberg)<br \/>\n59581 Warstein (nahe Meschede )<\/p>\n<p>Laden:<br \/>\nKurf\u00fcrstenstra\u00dfe 24 (OT Hirschberg)<br \/>\n59581 Warstein<\/p>\n<p>B\u00fcro:<br \/>\nKurf\u00fcrstenstra\u00dfe 24 (OT Hirschberg)<br \/>\n59581 Warstein (nahe Meschede)<\/p>\n<p>Tel.: 02902\/912479<br \/>\nMobil: 0151\/74400443<\/p>\n<p>Email: info@wohnmobil-Meschede.de<\/p>\n","protected":false},"excerpt":{"rendered":"<p>PL Wohnmobilvermietung (Meschede ) Inh.: Patrik Luse Gesch\u00e4ftssitz: Burgstra\u00dfe 4 (OT Hirschberg) 59581 Warstein (nahe Meschede ) Laden: Kurf\u00fcrstenstra\u00dfe 24 (OT Hirschberg) 59581 Warstein B\u00fcro: Kurf\u00fcrstenstra\u00dfe 24 (OT Hirschberg) 59581 <a class=\"more-link\" href=\"https:\/\/www.wohnmobil-meschede.de\/index.php\/kontakt\/\"><\/a><\/p>\n","protected":false},"author":1,"featured_media":0,"parent":0,"menu_order":0,"comment_status":"closed","ping_status":"closed","template":"","meta":{"footnotes":""},"class_list":["post-24","page","type-page","status-publish","hentry"],"yoast_head":"<!-- This site is optimized with the Yoast SEO plugin v23.8 - https:\/\/yoast.com\/wordpress\/plugins\/seo\/ -->\n<title>Wohnmobile Meschede | PL Wohnmobile | Vermietung | Kontakt<\/title>\n<meta name=\"description\" content=\"Wohnmobile Meschede | PL Wohnmobile | Vermietung | Kontakt\" \/>\n<meta name=\"robots\" content=\"index, follow, max-snippet:-1, max-image-preview:large, max-video-preview:-1\" \/>\n<link rel=\"canonical\" href=\"https:\/\/www.wohnmobil-meschede.de\/index.php\/kontakt\/\" \/>\n<meta property=\"og:locale\" content=\"de_DE\" \/>\n<meta property=\"og:type\" content=\"article\" \/>\n<meta property=\"og:title\" content=\"Wohnmobile Meschede | PL Wohnmobile | Vermietung | Kontakt\" \/>\n<meta property=\"og:description\" content=\"Wohnmobile Meschede | PL Wohnmobile | Vermietung | Kontakt\" \/>\n<meta property=\"og:url\" content=\"https:\/\/www.wohnmobil-meschede.de\/index.php\/kontakt\/\" \/>\n<meta property=\"og:site_name\" content=\"PL Wohnmobile Meschede | Vermietung\" \/>\n<meta property=\"article:modified_time\" content=\"2016-12-16T18:56:50+00:00\" \/>\n<meta name=\"twitter:card\" content=\"summary_large_image\" \/>\n<script type=\"application\/ld+json\" class=\"yoast-schema-graph\">{\"@context\":\"https:\/\/schema.org\",\"@graph\":[{\"@type\":\"WebPage\",\"@id\":\"https:\/\/www.wohnmobil-meschede.de\/index.php\/kontakt\/\",\"url\":\"https:\/\/www.wohnmobil-meschede.de\/index.php\/kontakt\/\",\"name\":\"Wohnmobile Meschede | PL Wohnmobile | Vermietung | Kontakt\",\"isPartOf\":{\"@id\":\"https:\/\/www.wohnmobil-meschede.de\/#website\"},\"datePublished\":\"2016-11-24T15:08:06+00:00\",\"dateModified\":\"2016-12-16T18:56:50+00:00\",\"description\":\"Wohnmobile Meschede | PL Wohnmobile | Vermietung | Kontakt\",\"breadcrumb\":{\"@id\":\"https:\/\/www.wohnmobil-meschede.de\/index.php\/kontakt\/#breadcrumb\"},\"inLanguage\":\"de\",\"potentialAction\":[{\"@type\":\"ReadAction\",\"target\":[\"https:\/\/www.wohnmobil-meschede.de\/index.php\/kontakt\/\"]}]},{\"@type\":\"BreadcrumbList\",\"@id\":\"https:\/\/www.wohnmobil-meschede.de\/index.php\/kontakt\/#breadcrumb\",\"itemListElement\":[{\"@type\":\"ListItem\",\"position\":1,\"name\":\"Startseite\",\"item\":\"https:\/\/www.wohnmobil-meschede.de\/\"},{\"@type\":\"ListItem\",\"position\":2,\"name\":\"Kontakt\"}]},{\"@type\":\"WebSite\",\"@id\":\"https:\/\/www.wohnmobil-meschede.de\/#website\",\"url\":\"https:\/\/www.wohnmobil-meschede.de\/\",\"name\":\"PL Wohnmobile Meschede | Vermietung\",\"description\":\"Vermietung von Wohnmobilen Meschede\",\"publisher\":{\"@id\":\"https:\/\/www.wohnmobil-meschede.de\/#organization\"},\"potentialAction\":[{\"@type\":\"SearchAction\",\"target\":{\"@type\":\"EntryPoint\",\"urlTemplate\":\"https:\/\/www.wohnmobil-meschede.de\/?s={search_term_string}\"},\"query-input\":{\"@type\":\"PropertyValueSpecification\",\"valueRequired\":true,\"valueName\":\"search_term_string\"}}],\"inLanguage\":\"de\"},{\"@type\":\"Organization\",\"@id\":\"https:\/\/www.wohnmobil-meschede.de\/#organization\",\"name\":\"PL Wohnmobile Meschede | Vermietung\",\"url\":\"https:\/\/www.wohnmobil-meschede.de\/\",\"logo\":{\"@type\":\"ImageObject\",\"inLanguage\":\"de\",\"@id\":\"https:\/\/www.wohnmobil-meschede.de\/#\/schema\/logo\/image\/\",\"url\":\"https:\/\/www.wohnmobil-meschede.de\/wp-content\/uploads\/2016\/11\/cropped-pl-wohnmobile-logo.jpg\",\"contentUrl\":\"https:\/\/www.wohnmobil-meschede.de\/wp-content\/uploads\/2016\/11\/cropped-pl-wohnmobile-logo.jpg\",\"width\":318,\"height\":184,\"caption\":\"PL Wohnmobile Meschede | Vermietung\"},\"image\":{\"@id\":\"https:\/\/www.wohnmobil-meschede.de\/#\/schema\/logo\/image\/\"}}]}<\/script>\n<!-- \/ Yoast SEO plugin. -->","yoast_head_json":{"title":"Wohnmobile Meschede | PL Wohnmobile | Vermietung | Kontakt","description":"Wohnmobile Meschede | PL Wohnmobile | Vermietung | Kontakt","robots":{"index":"index","follow":"follow","max-snippet":"max-snippet:-1","max-image-preview":"max-image-preview:large","max-video-preview":"max-video-preview:-1"},"canonical":"https:\/\/www.wohnmobil-meschede.de\/index.php\/kontakt\/","og_locale":"de_DE","og_type":"article","og_title":"Wohnmobile Meschede | PL Wohnmobile | Vermietung | Kontakt","og_description":"Wohnmobile Meschede | PL Wohnmobile | Vermietung | Kontakt","og_url":"https:\/\/www.wohnmobil-meschede.de\/index.php\/kontakt\/","og_site_name":"PL Wohnmobile Meschede | Vermietung","article_modified_time":"2016-12-16T18:56:50+00:00","twitter_card":"summary_large_image","schema":{"@context":"https:\/\/schema.org","@graph":[{"@type":"WebPage","@id":"https:\/\/www.wohnmobil-meschede.de\/index.php\/kontakt\/","url":"https:\/\/www.wohnmobil-meschede.de\/index.php\/kontakt\/","name":"Wohnmobile Meschede | PL Wohnmobile | Vermietung | Kontakt","isPartOf":{"@id":"https:\/\/www.wohnmobil-meschede.de\/#website"},"datePublished":"2016-11-24T15:08:06+00:00","dateModified":"2016-12-16T18:56:50+00:00","description":"Wohnmobile Meschede | PL Wohnmobile | Vermietung | Kontakt","breadcrumb":{"@id":"https:\/\/www.wohnmobil-meschede.de\/index.php\/kontakt\/#breadcrumb"},"inLanguage":"de","potentialAction":[{"@type":"ReadAction","target":["https:\/\/www.wohnmobil-meschede.de\/index.php\/kontakt\/"]}]},{"@type":"BreadcrumbList","@id":"https:\/\/www.wohnmobil-meschede.de\/index.php\/kontakt\/#breadcrumb","itemListElement":[{"@type":"ListItem","position":1,"name":"Startseite","item":"https:\/\/www.wohnmobil-meschede.de\/"},{"@type":"ListItem","position":2,"name":"Kontakt"}]},{"@type":"WebSite","@id":"https:\/\/www.wohnmobil-meschede.de\/#website","url":"https:\/\/www.wohnmobil-meschede.de\/","name":"PL Wohnmobile Meschede | Vermietung","description":"Vermietung von Wohnmobilen Meschede","publisher":{"@id":"https:\/\/www.wohnmobil-meschede.de\/#organization"},"potentialAction":[{"@type":"SearchAction","target":{"@type":"EntryPoint","urlTemplate":"https:\/\/www.wohnmobil-meschede.de\/?s={search_term_string}"},"query-input":{"@type":"PropertyValueSpecification","valueRequired":true,"valueName":"search_term_string"}}],"inLanguage":"de"},{"@type":"Organization","@id":"https:\/\/www.wohnmobil-meschede.de\/#organization","name":"PL Wohnmobile Meschede | Vermietung","url":"https:\/\/www.wohnmobil-meschede.de\/","logo":{"@type":"ImageObject","inLanguage":"de","@id":"https:\/\/www.wohnmobil-meschede.de\/#\/schema\/logo\/image\/","url":"https:\/\/www.wohnmobil-meschede.de\/wp-content\/uploads\/2016\/11\/cropped-pl-wohnmobile-logo.jpg","contentUrl":"https:\/\/www.wohnmobil-meschede.de\/wp-content\/uploads\/2016\/11\/cropped-pl-wohnmobile-logo.jpg","width":318,"height":184,"caption":"PL Wohnmobile Meschede | Vermietung"},"image":{"@id":"https:\/\/www.wohnmobil-meschede.de\/#\/schema\/logo\/image\/"}}]}},"_links":{"self":[{"href":"https:\/\/www.wohnmobil-meschede.de\/index.php\/wp-json\/wp\/v2\/pages\/24"}],"collection":[{"href":"https:\/\/www.wohnmobil-meschede.de\/index.php\/wp-json\/wp\/v2\/pages"}],"about":[{"href":"https:\/\/www.wohnmobil-meschede.de\/index.php\/wp-json\/wp\/v2\/types\/page"}],"author":[{"embeddable":true,"href":"https:\/\/www.wohnmobil-meschede.de\/index.php\/wp-json\/wp\/v2\/users\/1"}],"replies":[{"embeddable":true,"href":"https:\/\/www.wohnmobil-meschede.de\/index.php\/wp-json\/wp\/v2\/comments?post=24"}],"version-history":[{"count":3,"href":"https:\/\/www.wohnmobil-meschede.de\/index.php\/wp-json\/wp\/v2\/pages\/24\/revisions"}],"predecessor-version":[{"id":336,"href":"https:\/\/www.wohnmobil-meschede.de\/index.php\/wp-json\/wp\/v2\/pages\/24\/revisions\/336"}],"wp:attachment":[{"href":"https:\/\/www.wohnmobil-meschede.de\/index.php\/wp-json\/wp\/v2\/media?parent=24"}],"curies":[{"name":"wp","href":"https:\/\/api.w.org\/{rel}","templated":true}]}}