{"id":26,"date":"2016-11-24T16:08:27","date_gmt":"2016-11-24T15:08:27","guid":{"rendered":"http:\/\/www.wohnmobil-meschede.de\/?page_id=26"},"modified":"2018-01-15T14:57:15","modified_gmt":"2018-01-15T13:57:15","slug":"impressum","status":"publish","type":"page","link":"https:\/\/www.wohnmobil-meschede.de\/index.php\/impressum\/","title":{"rendered":"Impressum"},"content":{"rendered":"<h2>Angaben gem\u00e4\u00df \u00a7 5 TMG:<\/h2>\n<p>Patrik Luse<br \/>\nPL Wohnmobilvermietung<br \/>\nBurgstra\u00dfe 4 (Unternehmenssitz)<br \/>\n59581 Warstein<\/p>\n<h2>Postadresse:<\/h2>\n<p>Kurf\u00fcrstenstra\u00dfe 24<br \/>\n59581 Warstein (B\u00fcro)<\/p>\n<h2>Kontakt:<\/h2>\n<p>Telefon: +49 (0) 2902\/912479<br \/>\nTelefax: +49 (0) 2902\/912483<br \/>\nE-Mail:<br \/>\ninfo@pl-wohnmobilvermietung.de<\/p>\n<h2>Umsatzsteuer:<\/h2>\n<p>Umsatzsteuer-Identifikationsnummer<br \/>\ngem\u00e4\u00df \u00a727 a Umsatzsteuergesetz:<br \/>\n330\/5095\/0843<\/p>\n<h2>Streitschlichtung<\/h2>\n<p>Wir sind nicht bereit oder verpflichtet, an Streitbeilegungsverfahren vor einer<br \/>\nVerbraucherschlichtungsstelle teilzunehmen.<\/p>\n<h2>Haftung f\u00fcr Inhalte<\/h2>\n<p>Als<br \/>\nDiensteanbieter sind wir gem\u00e4\u00df \u00a7 7 Abs.1 TMG f\u00fcr eigene Inhalte auf diesen Seiten<br \/>\nnach den allgemeinen Gesetzen verantwortlich. Nach \u00a7\u00a7 8 bis 10 TMG sind wir als<br \/>\nDiensteanbieter jedoch nicht verpflichtet, \u00fcbermittelte oder gespeicherte fremde Informationen zu<br \/>\n\u00fcberwachen oder nach Umst\u00e4nden zu forschen, die auf eine rechtswidrige T\u00e4tigkeit<br \/>\nhinweisen.<\/p>\n<p>Verpflichtungen zur Entfernung oder Sperrung der Nutzung von Informationen nach<br \/>\nden allgemeinen Gesetzen bleiben hiervon unber\u00fchrt. Eine diesbez\u00fcgliche Haftung ist jedoch<br \/>\nerst ab dem Zeitpunkt der Kenntnis einer konkreten Rechtsverletzung m\u00f6glich. Bei Bekanntwerden<br \/>\nvon entsprechenden Rechtsverletzungen werden wir diese Inhalte umgehend entfernen.<\/p>\n<h2>Haftung f\u00fcr Links<\/h2>\n<p>Unser Angebot enth\u00e4lt Links zu externen Webseiten Dritter, auf<br \/>\nderen Inhalte wir keinen Einfluss haben. Deshalb k\u00f6nnen wir f\u00fcr diese fremden Inhalte auch<br \/>\nkeine Gew\u00e4hr \u00fcbernehmen. F\u00fcr die Inhalte der verlinkten Seiten ist stets der jeweilige<br \/>\nAnbieter oder Betreiber der Seiten verantwortlich. Die verlinkten Seiten wurden zum Zeitpunkt der<br \/>\nVerlinkung auf m\u00f6gliche Rechtsverst\u00f6\u00dfe \u00fcberpr\u00fcft. Rechtswidrige Inhalte<br \/>\nwaren zum Zeitpunkt der Verlinkung nicht erkennbar.<\/p>\n<p>Eine permanente inhaltliche Kontrolle der<br \/>\nverlinkten Seiten ist jedoch ohne konkrete Anhaltspunkte einer Rechtsverletzung nicht zumutbar. Bei<br \/>\nBekanntwerden von Rechtsverletzungen werden wir derartige Links umgehend entfernen.<\/p>\n<h2>Urheberrecht<\/h2>\n<p>Die durch die Seitenbetreiber erstellten Inhalte und Werke auf diesen Seiten<br \/>\nunterliegen dem deutschen Urheberrecht. Die Vervielf\u00e4ltigung, Bearbeitung, Verbreitung und jede<br \/>\nArt der Verwertung au\u00dferhalb der Grenzen des Urheberrechtes bed\u00fcrfen der schriftlichen<br \/>\nZustimmung des jeweiligen Autors bzw. Erstellers. Downloads und Kopien dieser Seite sind nur f\u00fcr<br \/>\nden privaten, nicht kommerziellen Gebrauch gestattet.<\/p>\n<p>Soweit die Inhalte auf dieser Seite nicht<br \/>\nvom Betreiber erstellt wurden, werden die Urheberrechte Dritter beachtet. Insbesondere werden Inhalte<br \/>\nDritter als solche gekennzeichnet. Sollten Sie trotzdem auf eine Urheberrechtsverletzung aufmerksam<br \/>\nwerden, bitten wir um einen entsprechenden Hinweis. Bei Bekanntwerden von Rechtsverletzungen<br \/>\nwerden wir derartige Inhalte umgehend entfernen.<\/p>\n<p>Quelle: <a href=\"https:\/\/www.e-recht24.de\">erecht24.de<\/a><\/p>\n","protected":false},"excerpt":{"rendered":"<p>Angaben gem\u00e4\u00df \u00a7 5 TMG: Patrik Luse PL Wohnmobilvermietung Burgstra\u00dfe 4 (Unternehmenssitz) 59581 Warstein Postadresse: Kurf\u00fcrstenstra\u00dfe 24 59581 Warstein (B\u00fcro) Kontakt: Telefon: +49 (0) 2902\/912479 Telefax: +49 (0) 2902\/912483 E-Mail: <a class=\"more-link\" href=\"https:\/\/www.wohnmobil-meschede.de\/index.php\/impressum\/\"><\/a><\/p>\n","protected":false},"author":1,"featured_media":0,"parent":0,"menu_order":0,"comment_status":"closed","ping_status":"closed","template":"","meta":{"footnotes":""},"class_list":["post-26","page","type-page","status-publish","hentry"],"yoast_head":"<!-- This site is optimized with the Yoast SEO plugin v23.8 - https:\/\/yoast.com\/wordpress\/plugins\/seo\/ -->\n<title>Wohnmobile Warstein | PL Wohnmobile | Vermietung | Impressum<\/title>\n<meta name=\"description\" content=\"Wohnmobile Warstein von PL Wohnmobile | Vermietung\" \/>\n<meta name=\"robots\" content=\"index, follow, max-snippet:-1, max-image-preview:large, max-video-preview:-1\" \/>\n<link rel=\"canonical\" href=\"https:\/\/www.wohnmobil-meschede.de\/index.php\/impressum\/\" \/>\n<meta property=\"og:locale\" content=\"de_DE\" \/>\n<meta property=\"og:type\" content=\"article\" \/>\n<meta property=\"og:title\" content=\"Wohnmobile Warstein | PL Wohnmobile | Vermietung | Impressum\" \/>\n<meta property=\"og:description\" content=\"Wohnmobile Warstein von PL Wohnmobile | Vermietung\" \/>\n<meta property=\"og:url\" content=\"https:\/\/www.wohnmobil-meschede.de\/index.php\/impressum\/\" \/>\n<meta property=\"og:site_name\" content=\"PL Wohnmobile Meschede | Vermietung\" \/>\n<meta property=\"article:modified_time\" content=\"2018-01-15T13:57:15+00:00\" \/>\n<meta name=\"twitter:card\" content=\"summary_large_image\" \/>\n<meta name=\"twitter:label1\" content=\"Gesch\u00e4tzte Lesezeit\" \/>\n\t<meta name=\"twitter:data1\" content=\"2\u00a0Minuten\" \/>\n<script type=\"application\/ld+json\" class=\"yoast-schema-graph\">{\"@context\":\"https:\/\/schema.org\",\"@graph\":[{\"@type\":\"WebPage\",\"@id\":\"https:\/\/www.wohnmobil-meschede.de\/index.php\/impressum\/\",\"url\":\"https:\/\/www.wohnmobil-meschede.de\/index.php\/impressum\/\",\"name\":\"Wohnmobile Warstein | PL Wohnmobile | Vermietung | Impressum\",\"isPartOf\":{\"@id\":\"https:\/\/www.wohnmobil-meschede.de\/#website\"},\"datePublished\":\"2016-11-24T15:08:27+00:00\",\"dateModified\":\"2018-01-15T13:57:15+00:00\",\"description\":\"Wohnmobile Warstein von PL Wohnmobile | Vermietung\",\"breadcrumb\":{\"@id\":\"https:\/\/www.wohnmobil-meschede.de\/index.php\/impressum\/#breadcrumb\"},\"inLanguage\":\"de\",\"potentialAction\":[{\"@type\":\"ReadAction\",\"target\":[\"https:\/\/www.wohnmobil-meschede.de\/index.php\/impressum\/\"]}]},{\"@type\":\"BreadcrumbList\",\"@id\":\"https:\/\/www.wohnmobil-meschede.de\/index.php\/impressum\/#breadcrumb\",\"itemListElement\":[{\"@type\":\"ListItem\",\"position\":1,\"name\":\"Startseite\",\"item\":\"https:\/\/www.wohnmobil-meschede.de\/\"},{\"@type\":\"ListItem\",\"position\":2,\"name\":\"Impressum\"}]},{\"@type\":\"WebSite\",\"@id\":\"https:\/\/www.wohnmobil-meschede.de\/#website\",\"url\":\"https:\/\/www.wohnmobil-meschede.de\/\",\"name\":\"PL Wohnmobile Meschede | Vermietung\",\"description\":\"Vermietung von Wohnmobilen Meschede\",\"publisher\":{\"@id\":\"https:\/\/www.wohnmobil-meschede.de\/#organization\"},\"potentialAction\":[{\"@type\":\"SearchAction\",\"target\":{\"@type\":\"EntryPoint\",\"urlTemplate\":\"https:\/\/www.wohnmobil-meschede.de\/?s={search_term_string}\"},\"query-input\":{\"@type\":\"PropertyValueSpecification\",\"valueRequired\":true,\"valueName\":\"search_term_string\"}}],\"inLanguage\":\"de\"},{\"@type\":\"Organization\",\"@id\":\"https:\/\/www.wohnmobil-meschede.de\/#organization\",\"name\":\"PL Wohnmobile Meschede | Vermietung\",\"url\":\"https:\/\/www.wohnmobil-meschede.de\/\",\"logo\":{\"@type\":\"ImageObject\",\"inLanguage\":\"de\",\"@id\":\"https:\/\/www.wohnmobil-meschede.de\/#\/schema\/logo\/image\/\",\"url\":\"https:\/\/www.wohnmobil-meschede.de\/wp-content\/uploads\/2016\/11\/cropped-pl-wohnmobile-logo.jpg\",\"contentUrl\":\"https:\/\/www.wohnmobil-meschede.de\/wp-content\/uploads\/2016\/11\/cropped-pl-wohnmobile-logo.jpg\",\"width\":318,\"height\":184,\"caption\":\"PL Wohnmobile Meschede | Vermietung\"},\"image\":{\"@id\":\"https:\/\/www.wohnmobil-meschede.de\/#\/schema\/logo\/image\/\"}}]}<\/script>\n<!-- \/ Yoast SEO plugin. -->","yoast_head_json":{"title":"Wohnmobile Warstein | PL Wohnmobile | Vermietung | Impressum","description":"Wohnmobile Warstein von PL Wohnmobile | Vermietung","robots":{"index":"index","follow":"follow","max-snippet":"max-snippet:-1","max-image-preview":"max-image-preview:large","max-video-preview":"max-video-preview:-1"},"canonical":"https:\/\/www.wohnmobil-meschede.de\/index.php\/impressum\/","og_locale":"de_DE","og_type":"article","og_title":"Wohnmobile Warstein | PL Wohnmobile | Vermietung | Impressum","og_description":"Wohnmobile Warstein von PL Wohnmobile | Vermietung","og_url":"https:\/\/www.wohnmobil-meschede.de\/index.php\/impressum\/","og_site_name":"PL Wohnmobile Meschede | Vermietung","article_modified_time":"2018-01-15T13:57:15+00:00","twitter_card":"summary_large_image","twitter_misc":{"Gesch\u00e4tzte Lesezeit":"2\u00a0Minuten"},"schema":{"@context":"https:\/\/schema.org","@graph":[{"@type":"WebPage","@id":"https:\/\/www.wohnmobil-meschede.de\/index.php\/impressum\/","url":"https:\/\/www.wohnmobil-meschede.de\/index.php\/impressum\/","name":"Wohnmobile Warstein | PL Wohnmobile | Vermietung | Impressum","isPartOf":{"@id":"https:\/\/www.wohnmobil-meschede.de\/#website"},"datePublished":"2016-11-24T15:08:27+00:00","dateModified":"2018-01-15T13:57:15+00:00","description":"Wohnmobile Warstein von PL Wohnmobile | Vermietung","breadcrumb":{"@id":"https:\/\/www.wohnmobil-meschede.de\/index.php\/impressum\/#breadcrumb"},"inLanguage":"de","potentialAction":[{"@type":"ReadAction","target":["https:\/\/www.wohnmobil-meschede.de\/index.php\/impressum\/"]}]},{"@type":"BreadcrumbList","@id":"https:\/\/www.wohnmobil-meschede.de\/index.php\/impressum\/#breadcrumb","itemListElement":[{"@type":"ListItem","position":1,"name":"Startseite","item":"https:\/\/www.wohnmobil-meschede.de\/"},{"@type":"ListItem","position":2,"name":"Impressum"}]},{"@type":"WebSite","@id":"https:\/\/www.wohnmobil-meschede.de\/#website","url":"https:\/\/www.wohnmobil-meschede.de\/","name":"PL Wohnmobile Meschede | Vermietung","description":"Vermietung von Wohnmobilen Meschede","publisher":{"@id":"https:\/\/www.wohnmobil-meschede.de\/#organization"},"potentialAction":[{"@type":"SearchAction","target":{"@type":"EntryPoint","urlTemplate":"https:\/\/www.wohnmobil-meschede.de\/?s={search_term_string}"},"query-input":{"@type":"PropertyValueSpecification","valueRequired":true,"valueName":"search_term_string"}}],"inLanguage":"de"},{"@type":"Organization","@id":"https:\/\/www.wohnmobil-meschede.de\/#organization","name":"PL Wohnmobile Meschede | Vermietung","url":"https:\/\/www.wohnmobil-meschede.de\/","logo":{"@type":"ImageObject","inLanguage":"de","@id":"https:\/\/www.wohnmobil-meschede.de\/#\/schema\/logo\/image\/","url":"https:\/\/www.wohnmobil-meschede.de\/wp-content\/uploads\/2016\/11\/cropped-pl-wohnmobile-logo.jpg","contentUrl":"https:\/\/www.wohnmobil-meschede.de\/wp-content\/uploads\/2016\/11\/cropped-pl-wohnmobile-logo.jpg","width":318,"height":184,"caption":"PL Wohnmobile Meschede | Vermietung"},"image":{"@id":"https:\/\/www.wohnmobil-meschede.de\/#\/schema\/logo\/image\/"}}]}},"_links":{"self":[{"href":"https:\/\/www.wohnmobil-meschede.de\/index.php\/wp-json\/wp\/v2\/pages\/26"}],"collection":[{"href":"https:\/\/www.wohnmobil-meschede.de\/index.php\/wp-json\/wp\/v2\/pages"}],"about":[{"href":"https:\/\/www.wohnmobil-meschede.de\/index.php\/wp-json\/wp\/v2\/types\/page"}],"author":[{"embeddable":true,"href":"https:\/\/www.wohnmobil-meschede.de\/index.php\/wp-json\/wp\/v2\/users\/1"}],"replies":[{"embeddable":true,"href":"https:\/\/www.wohnmobil-meschede.de\/index.php\/wp-json\/wp\/v2\/comments?post=26"}],"version-history":[{"count":7,"href":"https:\/\/www.wohnmobil-meschede.de\/index.php\/wp-json\/wp\/v2\/pages\/26\/revisions"}],"predecessor-version":[{"id":346,"href":"https:\/\/www.wohnmobil-meschede.de\/index.php\/wp-json\/wp\/v2\/pages\/26\/revisions\/346"}],"wp:attachment":[{"href":"https:\/\/www.wohnmobil-meschede.de\/index.php\/wp-json\/wp\/v2\/media?parent=26"}],"curies":[{"name":"wp","href":"https:\/\/api.w.org\/{rel}","templated":true}]}}